{"id":742,"date":"2026-02-20T13:24:54","date_gmt":"2026-02-20T18:24:54","guid":{"rendered":"https:\/\/venduprint.ca\/termes-et-conditions\/"},"modified":"2026-02-20T14:03:27","modified_gmt":"2026-02-20T19:03:27","slug":"termes-et-conditions","status":"publish","type":"page","link":"https:\/\/venduprint.ca\/fr\/termes-et-conditions\/","title":{"rendered":"Termes et conditions"},"content":{"rendered":"\t\t<div data-elementor-type=\"wp-page\" data-elementor-id=\"742\" class=\"elementor elementor-742 elementor-705\" data-elementor-post-type=\"page\">\n\t\t\t\t<div class=\"elementor-element elementor-element-3f596d2 e-flex e-con-boxed e-con e-parent\" data-id=\"3f596d2\" data-element_type=\"container\" data-e-type=\"container\" data-settings=\"{&quot;background_background&quot;:&quot;gradient&quot;}\">\n\t\t\t\t\t<div class=\"e-con-inner\">\n\t\t\t\t<div class=\"elementor-element elementor-element-cff0676 elementor-widget elementor-widget-heading\" data-id=\"cff0676\" data-element_type=\"widget\" data-e-type=\"widget\" data-widget_type=\"heading.default\">\n\t\t\t\t\t\t\t<h1 class=\"elementor-heading-title elementor-size-default\">Termes et conditions<\/h1>\t\t\t\t<\/div>\n\t\t\t\t\t<\/div>\n\t\t\t\t<\/div>\n\t\t<div class=\"elementor-element elementor-element-5b21bb0 e-flex e-con-boxed e-con e-parent\" data-id=\"5b21bb0\" data-element_type=\"container\" data-e-type=\"container\">\n\t\t\t\t\t<div class=\"e-con-inner\">\n\t\t\t\t<div class=\"elementor-element elementor-element-9bdec16 elementor-widget elementor-widget-text-editor\" data-id=\"9bdec16\" data-element_type=\"widget\" data-e-type=\"widget\" data-widget_type=\"text-editor.default\">\n\t\t\t\t\t\t\t\t\t\t\t<h3>Identification<\/h3><p><strong>Trading name:<\/strong> <span data-teams=\"true\">Vendu Print<\/span> Inc.<br><strong>Registered office: <\/strong>8145 Chemin Devonshire, Ville Mont-Royal, H4P 2K6, Qu\u00e9bec, Canada.<br><strong>E-mail:<\/strong> info@v<span data-teams=\"true\">enduprint<\/span>.ca<\/p><h3>Date limite<\/h3><p>Toutes les approbations et\/ou paiements re\u00e7us apr\u00e8s 14h30 seront trait\u00e9s le jour ouvrable suivant.<\/p><h3>Prix \u200b\u200bet promotions<\/h3><p>Nos prix exclusifs web sont appliqu\u00e9s \u00e0 la condition que le processus de commande ait \u00e9t\u00e9 effectivement autonome. Des frais administratifs peuvent \u00eatre factur\u00e9s pour toute commande pass\u00e9e en dehors du site web ou pour toute intervention de notre part pendant le processus de commande.<\/p><p>Les prix indiqu\u00e9s peuvent \u00eatre modifi\u00e9s \u00e0 tout moment.<\/p><h4>Approbation<\/h4><p>Une fois la commande pass\u00e9e, vous certifiez avoir approuv\u00e9 le visuel de l&rsquo;\u00e9tape 1 comme \u00e9tant d\u00e9finitif.<br>Le processus de production est alors automatis\u00e9 : toute modification peut entra\u00eener des frais suppl\u00e9mentaires.<\/p><h3>D\u00e9lais de livraison<\/h3><p>Le d\u00e9lai de livraison est calcul\u00e9 une fois le visuel approuv\u00e9 et\/ou la commande re\u00e7ue.<br>D\u00e8s que le visuel est approuv\u00e9 et\/ou la commande est re\u00e7ue, la production commence. Veuillez pr\u00e9voir 5 jours ouvrables + le d\u00e9lai de livraison.<br>Les commandes contenant uniquement des produits en stock seront exp\u00e9di\u00e9es sous 2 jours ouvrables.<br>Le d\u00e9tourage photo peut prendre jusqu&rsquo;\u00e0 1 jour ouvrable apr\u00e8s r\u00e9ception de la commande.<\/p><h3>Exp\u00e9dition et retours<\/h3><p>Il incombe au client de v\u00e9rifier l&rsquo;\u00e9tat des produits. En cas de produits endommag\u00e9s, le client doit refuser le colis et inscrire sa r\u00e9clamation pour dommages sur le bon de livraison.<br>Vendu Print ne peut \u00eatre tenu responsable des retards de livraison imputables au transporteur.<br>Pour tout autre probl\u00e8me, \u00e0 l&rsquo;exception des dommages survenus lors de la livraison, vous devez nous en informer dans les 30 jours suivant la r\u00e9ception de votre commande afin d&rsquo;obtenir un remplacement ou un remboursement.<\/p><h3>Donn\u00e9es et confidentialit\u00e9<\/h3><p>Les informations et donn\u00e9es concernant les clients sont n\u00e9cessaires au traitement des commandes et aux relations commerciales. The Customer undertakes not to use the identity of another person and not to use a false name. Les donn\u00e9es seront conserv\u00e9es dans le compte personnel du client. Ces donn\u00e9es enregistr\u00e9es permettent au client de passer des commandes et d&rsquo;effectuer des transactions avec une plus grande facilit\u00e9.<\/p><p>En acceptant les pr\u00e9sentes conditions g\u00e9n\u00e9rales, le client accepte que ses coordonn\u00e9es puissent \u00eatre utilis\u00e9es \u00e0 des fins de marketing par Vendu Print Inc. Nonobstant ce qui pr\u00e9c\u00e8de, Vendu Print Inc. s\u2019engage \u00e0 ne divulguer ni \u00e0 vendre \u00e0 des tiers aucune information de quelque nature que ce soit concernant le Client.<\/p><h3>Garantie<\/h3><p>Vendu Print offre une garantie de 2 ans sur les poteaux, les ancrages et la quincaillerie pour toute casse ou tout dommage caus\u00e9 par une utilisation normale. Toutes les impressions r\u00e9alis\u00e9es sur coroplast pour une utilisation int\u00e9rieure et ext\u00e9rieure b\u00e9n\u00e9ficient d&rsquo;une garantie de 2 ans contre les probl\u00e8mes d&rsquo;adh\u00e9rence et de d\u00e9coloration.<\/p>\t\t\t\t\t\t\t\t<\/div>\n\t\t\t\t\t<\/div>\n\t\t\t\t<\/div>\n\t\t<div class=\"elementor-element elementor-element-edae64c e-flex e-con-boxed e-con e-parent\" data-id=\"edae64c\" data-element_type=\"container\" data-e-type=\"container\" data-settings=\"{&quot;background_background&quot;:&quot;classic&quot;}\">\n\t\t\t\t\t<div class=\"e-con-inner\">\n\t\t<div class=\"elementor-element elementor-element-135d8fb e-con-full e-flex e-con e-child\" data-id=\"135d8fb\" data-element_type=\"container\" data-e-type=\"container\">\n\t\t<div class=\"elementor-element elementor-element-395692c e-con-full e-flex e-con e-child\" data-id=\"395692c\" data-element_type=\"container\" data-e-type=\"container\" data-settings=\"{&quot;background_background&quot;:&quot;classic&quot;}\">\n\t\t\t\t<div class=\"elementor-element elementor-element-48255fb elementor-position-top elementor-widget elementor-widget-image-box\" data-id=\"48255fb\" data-element_type=\"widget\" data-e-type=\"widget\" data-widget_type=\"image-box.default\">\n\t\t\t\t\t\t\t<div class=\"elementor-image-box-wrapper\"><figure class=\"elementor-image-box-img\"><img fetchpriority=\"high\" decoding=\"async\" width=\"512\" height=\"512\" src=\"https:\/\/venduprint.ca\/wp-content\/uploads\/2026\/02\/quality-products.png\" class=\"attachment-full size-full wp-image-674\" alt=\"\" srcset=\"https:\/\/venduprint.ca\/wp-content\/uploads\/2026\/02\/quality-products.png 512w, https:\/\/venduprint.ca\/wp-content\/uploads\/2026\/02\/quality-products-300x300.png 300w, https:\/\/venduprint.ca\/wp-content\/uploads\/2026\/02\/quality-products-100x100.png 100w, https:\/\/venduprint.ca\/wp-content\/uploads\/2026\/02\/quality-products-150x150.png 150w\" sizes=\"(max-width: 512px) 100vw, 512px\" \/><\/figure><div class=\"elementor-image-box-content\"><h3 class=\"elementor-image-box-title\">Mat\u00e9riaux de qualit\u00e9 et encre sp\u00e9cialis\u00e9e<\/h3><\/div><\/div>\t\t\t\t<\/div>\n\t\t\t\t<\/div>\n\t\t<div class=\"elementor-element elementor-element-7e235b2 e-con-full e-flex e-con e-child\" data-id=\"7e235b2\" data-element_type=\"container\" data-e-type=\"container\" data-settings=\"{&quot;background_background&quot;:&quot;classic&quot;}\">\n\t\t\t\t<div class=\"elementor-element elementor-element-21a7e62 elementor-position-top elementor-widget elementor-widget-image-box\" data-id=\"21a7e62\" data-element_type=\"widget\" data-e-type=\"widget\" data-widget_type=\"image-box.default\">\n\t\t\t\t\t\t\t<div class=\"elementor-image-box-wrapper\"><figure class=\"elementor-image-box-img\"><img decoding=\"async\" width=\"512\" height=\"512\" src=\"https:\/\/venduprint.ca\/wp-content\/uploads\/2026\/02\/fast-delivery.png\" class=\"attachment-full size-full wp-image-677\" alt=\"\" srcset=\"https:\/\/venduprint.ca\/wp-content\/uploads\/2026\/02\/fast-delivery.png 512w, https:\/\/venduprint.ca\/wp-content\/uploads\/2026\/02\/fast-delivery-300x300.png 300w, https:\/\/venduprint.ca\/wp-content\/uploads\/2026\/02\/fast-delivery-100x100.png 100w, https:\/\/venduprint.ca\/wp-content\/uploads\/2026\/02\/fast-delivery-150x150.png 150w\" sizes=\"(max-width: 512px) 100vw, 512px\" \/><\/figure><div class=\"elementor-image-box-content\"><h3 class=\"elementor-image-box-title\">Livraison en 4 \u00e0 6 jours<br> ouvrables<\/h3><\/div><\/div>\t\t\t\t<\/div>\n\t\t\t\t<\/div>\n\t\t<div class=\"elementor-element elementor-element-8333154 e-con-full e-flex e-con e-child\" data-id=\"8333154\" data-element_type=\"container\" data-e-type=\"container\" data-settings=\"{&quot;background_background&quot;:&quot;classic&quot;}\">\n\t\t\t\t<div class=\"elementor-element elementor-element-fd8e303 elementor-position-top elementor-widget elementor-widget-image-box\" data-id=\"fd8e303\" data-element_type=\"widget\" data-e-type=\"widget\" data-widget_type=\"image-box.default\">\n\t\t\t\t\t\t\t<div class=\"elementor-image-box-wrapper\"><figure class=\"elementor-image-box-img\"><img decoding=\"async\" width=\"512\" height=\"512\" src=\"https:\/\/venduprint.ca\/wp-content\/uploads\/2026\/02\/atm-card.png\" class=\"attachment-full size-full wp-image-678\" alt=\"\" srcset=\"https:\/\/venduprint.ca\/wp-content\/uploads\/2026\/02\/atm-card.png 512w, https:\/\/venduprint.ca\/wp-content\/uploads\/2026\/02\/atm-card-300x300.png 300w, https:\/\/venduprint.ca\/wp-content\/uploads\/2026\/02\/atm-card-100x100.png 100w, https:\/\/venduprint.ca\/wp-content\/uploads\/2026\/02\/atm-card-150x150.png 150w\" sizes=\"(max-width: 512px) 100vw, 512px\" \/><\/figure><div class=\"elementor-image-box-content\"><h3 class=\"elementor-image-box-title\">Paiement <br>100 % s\u00e9curis\u00e9<\/h3><\/div><\/div>\t\t\t\t<\/div>\n\t\t\t\t<\/div>\n\t\t<div class=\"elementor-element elementor-element-d791cd2 e-con-full e-flex e-con e-child\" data-id=\"d791cd2\" data-element_type=\"container\" data-e-type=\"container\" data-settings=\"{&quot;background_background&quot;:&quot;classic&quot;}\">\n\t\t\t\t<div class=\"elementor-element elementor-element-e15a1d5 elementor-position-top elementor-widget elementor-widget-image-box\" data-id=\"e15a1d5\" data-element_type=\"widget\" data-e-type=\"widget\" data-widget_type=\"image-box.default\">\n\t\t\t\t\t\t\t<div class=\"elementor-image-box-wrapper\"><figure class=\"elementor-image-box-img\"><img loading=\"lazy\" decoding=\"async\" width=\"512\" height=\"512\" src=\"https:\/\/venduprint.ca\/wp-content\/uploads\/2026\/02\/customer-support.png\" class=\"attachment-full size-full wp-image-679\" alt=\"\" srcset=\"https:\/\/venduprint.ca\/wp-content\/uploads\/2026\/02\/customer-support.png 512w, https:\/\/venduprint.ca\/wp-content\/uploads\/2026\/02\/customer-support-300x300.png 300w, https:\/\/venduprint.ca\/wp-content\/uploads\/2026\/02\/customer-support-100x100.png 100w, https:\/\/venduprint.ca\/wp-content\/uploads\/2026\/02\/customer-support-150x150.png 150w\" sizes=\"(max-width: 512px) 100vw, 512px\" \/><\/figure><div class=\"elementor-image-box-content\"><h3 class=\"elementor-image-box-title\">Service \u00e0 la client\u00e8le <br>d\u00e9di\u00e9<\/h3><\/div><\/div>\t\t\t\t<\/div>\n\t\t\t\t<\/div>\n\t\t\t\t<\/div>\n\t\t\t\t\t<\/div>\n\t\t\t\t<\/div>\n\t\t\t\t<\/div>\n\t\t","protected":false},"excerpt":{"rendered":"<p>Termes et conditions Identification Trading name: Vendu Print Inc.Registered office: 8145 Chemin Devonshire, Ville Mont-Royal, H4P 2K6, Qu\u00e9bec, Canada.E-mail: info@venduprint.ca [&hellip;]<\/p>\n","protected":false},"author":1,"featured_media":0,"parent":0,"menu_order":0,"comment_status":"closed","ping_status":"closed","template":"elementor_header_footer","meta":{"inline_featured_image":false,"site-sidebar-layout":"no-sidebar","site-content-layout":"","ast-site-content-layout":"full-width-container","site-content-style":"default","site-sidebar-style":"default","ast-global-header-display":"","ast-banner-title-visibility":"","ast-main-header-display":"","ast-hfb-above-header-display":"","ast-hfb-below-header-display":"","ast-hfb-mobile-header-display":"","site-post-title":"","ast-breadcrumbs-content":"","ast-featured-img":"disabled","footer-sml-layout":"","ast-disable-related-posts":"","theme-transparent-header-meta":"default","adv-header-id-meta":"","stick-header-meta":"","header-above-stick-meta":"","header-main-stick-meta":"","header-below-stick-meta":"","astra-migrate-meta-layouts":"default","ast-page-background-enabled":"default","ast-page-background-meta":{"desktop":{"background-color":"var(--ast-global-color-5)","background-image":"","background-repeat":"repeat","background-position":"center center","background-size":"auto","background-attachment":"scroll","background-type":"","background-media":"","overlay-type":"","overlay-color":"","overlay-opacity":"","overlay-gradient":""},"tablet":{"background-color":"","background-image":"","background-repeat":"repeat","background-position":"center center","background-size":"auto","background-attachment":"scroll","background-type":"","background-media":"","overlay-type":"","overlay-color":"","overlay-opacity":"","overlay-gradient":""},"mobile":{"background-color":"","background-image":"","background-repeat":"repeat","background-position":"center center","background-size":"auto","background-attachment":"scroll","background-type":"","background-media":"","overlay-type":"","overlay-color":"","overlay-opacity":"","overlay-gradient":""}},"ast-content-background-meta":{"desktop":{"background-color":"var(--ast-global-color-4)","background-image":"","background-repeat":"repeat","background-position":"center center","background-size":"auto","background-attachment":"scroll","background-type":"","background-media":"","overlay-type":"","overlay-color":"","overlay-opacity":"","overlay-gradient":""},"tablet":{"background-color":"var(--ast-global-color-4)","background-image":"","background-repeat":"repeat","background-position":"center center","background-size":"auto","background-attachment":"scroll","background-type":"","background-media":"","overlay-type":"","overlay-color":"","overlay-opacity":"","overlay-gradient":""},"mobile":{"background-color":"var(--ast-global-color-4)","background-image":"","background-repeat":"repeat","background-position":"center center","background-size":"auto","background-attachment":"scroll","background-type":"","background-media":"","overlay-type":"","overlay-color":"","overlay-opacity":"","overlay-gradient":""}},"footnotes":""},"class_list":["post-742","page","type-page","status-publish","hentry"],"_links":{"self":[{"href":"https:\/\/venduprint.ca\/fr\/wp-json\/wp\/v2\/pages\/742","targetHints":{"allow":["GET"]}}],"collection":[{"href":"https:\/\/venduprint.ca\/fr\/wp-json\/wp\/v2\/pages"}],"about":[{"href":"https:\/\/venduprint.ca\/fr\/wp-json\/wp\/v2\/types\/page"}],"author":[{"embeddable":true,"href":"https:\/\/venduprint.ca\/fr\/wp-json\/wp\/v2\/users\/1"}],"replies":[{"embeddable":true,"href":"https:\/\/venduprint.ca\/fr\/wp-json\/wp\/v2\/comments?post=742"}],"version-history":[{"count":1,"href":"https:\/\/venduprint.ca\/fr\/wp-json\/wp\/v2\/pages\/742\/revisions"}],"predecessor-version":[{"id":744,"href":"https:\/\/venduprint.ca\/fr\/wp-json\/wp\/v2\/pages\/742\/revisions\/744"}],"wp:attachment":[{"href":"https:\/\/venduprint.ca\/fr\/wp-json\/wp\/v2\/media?parent=742"}],"curies":[{"name":"wp","href":"https:\/\/api.w.org\/{rel}","templated":true}]}}