{"id":1125,"date":"2026-02-17T04:06:16","date_gmt":"2026-02-17T09:06:16","guid":{"rendered":"https:\/\/venduprint.ca\/courtiers\/"},"modified":"2026-03-06T16:07:39","modified_gmt":"2026-03-06T21:07:39","slug":"courtiers","status":"publish","type":"page","link":"https:\/\/venduprint.ca\/fr\/courtiers\/","title":{"rendered":"Courtiers"},"content":{"rendered":"\t\t<div data-elementor-type=\"wp-page\" data-elementor-id=\"1125\" class=\"elementor elementor-1125 elementor-548\" data-elementor-post-type=\"page\">\n\t\t\t\t<div class=\"elementor-element elementor-element-3f596d2 e-flex e-con-boxed e-con e-parent\" data-id=\"3f596d2\" data-element_type=\"container\" data-e-type=\"container\" data-settings=\"{&quot;background_background&quot;:&quot;gradient&quot;}\">\n\t\t\t\t\t<div class=\"e-con-inner\">\n\t\t\t\t<div class=\"elementor-element elementor-element-cff0676 elementor-widget elementor-widget-heading\" data-id=\"cff0676\" data-element_type=\"widget\" data-e-type=\"widget\" data-widget_type=\"heading.default\">\n\t\t\t\t\t\t\t<h1 class=\"elementor-heading-title elementor-size-default\">Catalogue\n<\/h1>\t\t\t\t<\/div>\n\t\t\t\t\t<\/div>\n\t\t\t\t<\/div>\n\t\t<div class=\"elementor-element elementor-element-e49cd18 e-flex e-con-boxed e-con e-parent\" data-id=\"e49cd18\" data-element_type=\"container\" data-e-type=\"container\">\n\t\t\t\t\t<div class=\"e-con-inner\">\n\t\t<div class=\"elementor-element elementor-element-fdfa9ae e-con-full e-flex e-con e-child\" data-id=\"fdfa9ae\" data-element_type=\"container\" data-e-type=\"container\">\n\t\t<div class=\"elementor-element elementor-element-1727fb0 e-con-full e-flex e-con e-child\" data-id=\"1727fb0\" data-element_type=\"container\" data-e-type=\"container\" data-settings=\"{&quot;background_background&quot;:&quot;gradient&quot;}\">\n\t\t\t\t<div class=\"elementor-element elementor-element-2877d86 elementor-widget elementor-widget-image\" data-id=\"2877d86\" data-element_type=\"widget\" data-e-type=\"widget\" data-widget_type=\"image.default\">\n\t\t\t\t\t\t\t\t\t\t\t\t\t\t\t\t\t\t<a href=\"https:\/\/venduprint.ca\/product-category\/century-21-can\/\">\n\t\t\t\t\t\t\t<img fetchpriority=\"high\" decoding=\"async\" width=\"802\" height=\"290\" src=\"https:\/\/venduprint.ca\/wp-content\/uploads\/2026\/02\/Century-21-eng.png\" class=\"attachment-large size-large wp-image-1114\" alt=\"\" srcset=\"https:\/\/venduprint.ca\/wp-content\/uploads\/2026\/02\/Century-21-eng.png 802w, https:\/\/venduprint.ca\/wp-content\/uploads\/2026\/02\/Century-21-eng-600x217.png 600w, https:\/\/venduprint.ca\/wp-content\/uploads\/2026\/02\/Century-21-eng-300x108.png 300w, https:\/\/venduprint.ca\/wp-content\/uploads\/2026\/02\/Century-21-eng-768x278.png 768w\" sizes=\"(max-width: 802px) 100vw, 802px\" \/>\t\t\t\t\t\t\t\t<\/a>\n\t\t\t\t\t\t\t\t\t\t\t\t\t\t\t<\/div>\n\t\t\t\t<\/div>\n\t\t<div class=\"elementor-element elementor-element-8e9c417 e-con-full e-flex e-con e-child\" data-id=\"8e9c417\" data-element_type=\"container\" data-e-type=\"container\" data-settings=\"{&quot;background_background&quot;:&quot;gradient&quot;}\">\n\t\t\t\t<div class=\"elementor-element elementor-element-9a32a89 elementor-widget elementor-widget-image\" data-id=\"9a32a89\" data-element_type=\"widget\" data-e-type=\"widget\" data-widget_type=\"image.default\">\n\t\t\t\t\t\t\t\t\t\t\t\t\t\t\t\t\t\t<a href=\"#\">\n\t\t\t\t\t\t\t<img decoding=\"async\" width=\"802\" height=\"290\" src=\"https:\/\/venduprint.ca\/wp-content\/uploads\/2026\/02\/Century-21-Qubc.png\" class=\"attachment-large size-large wp-image-1115\" alt=\"\" srcset=\"https:\/\/venduprint.ca\/wp-content\/uploads\/2026\/02\/Century-21-Qubc.png 802w, https:\/\/venduprint.ca\/wp-content\/uploads\/2026\/02\/Century-21-Qubc-600x217.png 600w, https:\/\/venduprint.ca\/wp-content\/uploads\/2026\/02\/Century-21-Qubc-300x108.png 300w, https:\/\/venduprint.ca\/wp-content\/uploads\/2026\/02\/Century-21-Qubc-768x278.png 768w\" sizes=\"(max-width: 802px) 100vw, 802px\" \/>\t\t\t\t\t\t\t\t<\/a>\n\t\t\t\t\t\t\t\t\t\t\t\t\t\t\t<\/div>\n\t\t\t\t<\/div>\n\t\t<div class=\"elementor-element elementor-element-eb85ff4 e-con-full e-flex e-con e-child\" data-id=\"eb85ff4\" data-element_type=\"container\" data-e-type=\"container\" data-settings=\"{&quot;background_background&quot;:&quot;gradient&quot;}\">\n\t\t\t\t<div class=\"elementor-element elementor-element-c4de19d elementor-widget elementor-widget-image\" data-id=\"c4de19d\" data-element_type=\"widget\" data-e-type=\"widget\" data-widget_type=\"image.default\">\n\t\t\t\t\t\t\t\t\t\t\t\t\t\t\t\t\t<img decoding=\"async\" width=\"690\" height=\"308\" src=\"https:\/\/venduprint.ca\/wp-content\/uploads\/2026\/02\/Royal-LePage-eng.png\" class=\"attachment-large size-large wp-image-1116\" alt=\"\" srcset=\"https:\/\/venduprint.ca\/wp-content\/uploads\/2026\/02\/Royal-LePage-eng.png 690w, https:\/\/venduprint.ca\/wp-content\/uploads\/2026\/02\/Royal-LePage-eng-600x268.png 600w, https:\/\/venduprint.ca\/wp-content\/uploads\/2026\/02\/Royal-LePage-eng-300x134.png 300w\" sizes=\"(max-width: 690px) 100vw, 690px\" \/>\t\t\t\t\t\t\t\t\t\t\t\t\t\t\t<\/div>\n\t\t\t\t<\/div>\n\t\t<div class=\"elementor-element elementor-element-05c357b e-con-full e-flex e-con e-child\" data-id=\"05c357b\" data-element_type=\"container\" data-e-type=\"container\" data-settings=\"{&quot;background_background&quot;:&quot;gradient&quot;}\">\n\t\t\t\t<div class=\"elementor-element elementor-element-76f014e elementor-widget elementor-widget-image\" data-id=\"76f014e\" data-element_type=\"widget\" data-e-type=\"widget\" data-widget_type=\"image.default\">\n\t\t\t\t\t\t\t\t\t\t\t\t\t\t\t\t\t<img loading=\"lazy\" decoding=\"async\" width=\"690\" height=\"308\" src=\"https:\/\/venduprint.ca\/wp-content\/uploads\/2026\/02\/Royal-LePage-Qubc.png\" class=\"attachment-large size-large wp-image-1117\" alt=\"\" srcset=\"https:\/\/venduprint.ca\/wp-content\/uploads\/2026\/02\/Royal-LePage-Qubc.png 690w, https:\/\/venduprint.ca\/wp-content\/uploads\/2026\/02\/Royal-LePage-Qubc-600x268.png 600w, https:\/\/venduprint.ca\/wp-content\/uploads\/2026\/02\/Royal-LePage-Qubc-300x134.png 300w\" sizes=\"(max-width: 690px) 100vw, 690px\" \/>\t\t\t\t\t\t\t\t\t\t\t\t\t\t\t<\/div>\n\t\t\t\t<\/div>\n\t\t\t\t<\/div>\n\t\t<div class=\"elementor-element elementor-element-e17459d e-con-full e-flex e-con e-child\" data-id=\"e17459d\" data-element_type=\"container\" data-e-type=\"container\">\n\t\t<div class=\"elementor-element elementor-element-de86dc8 e-con-full e-flex e-con e-child\" data-id=\"de86dc8\" data-element_type=\"container\" data-e-type=\"container\" data-settings=\"{&quot;background_background&quot;:&quot;gradient&quot;}\">\n\t\t\t\t<div class=\"elementor-element elementor-element-dd57cfc elementor-widget elementor-widget-image\" data-id=\"dd57cfc\" data-element_type=\"widget\" data-e-type=\"widget\" data-widget_type=\"image.default\">\n\t\t\t\t\t\t\t\t\t\t\t\t\t\t\t\t\t<img loading=\"lazy\" decoding=\"async\" width=\"529\" height=\"196\" src=\"https:\/\/venduprint.ca\/wp-content\/uploads\/2026\/02\/Remax-eng.png\" class=\"attachment-large size-large wp-image-1118\" alt=\"\" srcset=\"https:\/\/venduprint.ca\/wp-content\/uploads\/2026\/02\/Remax-eng.png 529w, https:\/\/venduprint.ca\/wp-content\/uploads\/2026\/02\/Remax-eng-300x111.png 300w\" sizes=\"(max-width: 529px) 100vw, 529px\" \/>\t\t\t\t\t\t\t\t\t\t\t\t\t\t\t<\/div>\n\t\t\t\t<\/div>\n\t\t<div class=\"elementor-element elementor-element-e80519b e-con-full e-flex e-con e-child\" data-id=\"e80519b\" data-element_type=\"container\" data-e-type=\"container\" data-settings=\"{&quot;background_background&quot;:&quot;gradient&quot;}\">\n\t\t\t\t<div class=\"elementor-element elementor-element-8500970 elementor-widget elementor-widget-image\" data-id=\"8500970\" data-element_type=\"widget\" data-e-type=\"widget\" data-widget_type=\"image.default\">\n\t\t\t\t\t\t\t\t\t\t\t\t\t\t\t\t\t<img loading=\"lazy\" decoding=\"async\" width=\"529\" height=\"196\" src=\"https:\/\/venduprint.ca\/wp-content\/uploads\/2026\/02\/Remax-Qubc.png\" class=\"attachment-large size-large wp-image-1119\" alt=\"\" srcset=\"https:\/\/venduprint.ca\/wp-content\/uploads\/2026\/02\/Remax-Qubc.png 529w, https:\/\/venduprint.ca\/wp-content\/uploads\/2026\/02\/Remax-Qubc-300x111.png 300w\" sizes=\"(max-width: 529px) 100vw, 529px\" \/>\t\t\t\t\t\t\t\t\t\t\t\t\t\t\t<\/div>\n\t\t\t\t<\/div>\n\t\t<div class=\"elementor-element elementor-element-626f4e8 e-con-full e-flex e-con e-child\" data-id=\"626f4e8\" data-element_type=\"container\" data-e-type=\"container\" data-settings=\"{&quot;background_background&quot;:&quot;gradient&quot;}\">\n\t\t\t\t<div class=\"elementor-element elementor-element-ad519b6 elementor-widget elementor-widget-image\" data-id=\"ad519b6\" data-element_type=\"widget\" data-e-type=\"widget\" data-widget_type=\"image.default\">\n\t\t\t\t\t\t\t\t\t\t\t\t\t\t\t\t\t<img loading=\"lazy\" decoding=\"async\" width=\"534\" height=\"318\" src=\"https:\/\/venduprint.ca\/wp-content\/uploads\/2026\/02\/KW.png\" class=\"attachment-large size-large wp-image-1120\" alt=\"\" srcset=\"https:\/\/venduprint.ca\/wp-content\/uploads\/2026\/02\/KW.png 534w, https:\/\/venduprint.ca\/wp-content\/uploads\/2026\/02\/KW-300x179.png 300w\" sizes=\"(max-width: 534px) 100vw, 534px\" \/>\t\t\t\t\t\t\t\t\t\t\t\t\t\t\t<\/div>\n\t\t\t\t<\/div>\n\t\t<div class=\"elementor-element elementor-element-b36ed1b e-con-full e-flex e-con e-child\" data-id=\"b36ed1b\" data-element_type=\"container\" data-e-type=\"container\" data-settings=\"{&quot;background_background&quot;:&quot;gradient&quot;}\">\n\t\t\t\t<div class=\"elementor-element elementor-element-28be802 elementor-widget elementor-widget-image\" data-id=\"28be802\" data-element_type=\"widget\" data-e-type=\"widget\" data-widget_type=\"image.default\">\n\t\t\t\t\t\t\t\t\t\t\t\t\t\t\t\t\t<img loading=\"lazy\" decoding=\"async\" width=\"1024\" height=\"331\" src=\"https:\/\/venduprint.ca\/wp-content\/uploads\/2026\/02\/Sutton-1024x331.png\" class=\"attachment-large size-large wp-image-1121\" alt=\"\" srcset=\"https:\/\/venduprint.ca\/wp-content\/uploads\/2026\/02\/Sutton-1024x331.png 1024w, https:\/\/venduprint.ca\/wp-content\/uploads\/2026\/02\/Sutton-600x194.png 600w, https:\/\/venduprint.ca\/wp-content\/uploads\/2026\/02\/Sutton-300x97.png 300w, https:\/\/venduprint.ca\/wp-content\/uploads\/2026\/02\/Sutton-768x248.png 768w, https:\/\/venduprint.ca\/wp-content\/uploads\/2026\/02\/Sutton-1536x496.png 1536w, https:\/\/venduprint.ca\/wp-content\/uploads\/2026\/02\/Sutton.png 1786w\" sizes=\"(max-width: 1024px) 100vw, 1024px\" \/>\t\t\t\t\t\t\t\t\t\t\t\t\t\t\t<\/div>\n\t\t\t\t<\/div>\n\t\t\t\t<\/div>\n\t\t<div class=\"elementor-element elementor-element-f279d57 e-con-full e-flex e-con e-child\" data-id=\"f279d57\" data-element_type=\"container\" data-e-type=\"container\">\n\t\t<div class=\"elementor-element elementor-element-0d094ab e-con-full e-flex e-con e-child\" data-id=\"0d094ab\" data-element_type=\"container\" data-e-type=\"container\" data-settings=\"{&quot;background_background&quot;:&quot;gradient&quot;}\">\n\t\t\t\t<div class=\"elementor-element elementor-element-f11ca82 elementor-widget elementor-widget-image\" data-id=\"f11ca82\" data-element_type=\"widget\" data-e-type=\"widget\" data-widget_type=\"image.default\">\n\t\t\t\t\t\t\t\t\t\t\t\t\t\t\t\t\t<img loading=\"lazy\" decoding=\"async\" width=\"452\" height=\"196\" src=\"https:\/\/venduprint.ca\/wp-content\/uploads\/2026\/02\/The-Agency.png\" class=\"attachment-large size-large wp-image-1122\" alt=\"\" srcset=\"https:\/\/venduprint.ca\/wp-content\/uploads\/2026\/02\/The-Agency.png 452w, https:\/\/venduprint.ca\/wp-content\/uploads\/2026\/02\/The-Agency-300x130.png 300w\" sizes=\"(max-width: 452px) 100vw, 452px\" \/>\t\t\t\t\t\t\t\t\t\t\t\t\t\t\t<\/div>\n\t\t\t\t<\/div>\n\t\t<div class=\"elementor-element elementor-element-8f837ea e-con-full e-flex e-con e-child\" data-id=\"8f837ea\" data-element_type=\"container\" data-e-type=\"container\" data-settings=\"{&quot;background_background&quot;:&quot;gradient&quot;}\">\n\t\t\t\t<div class=\"elementor-element elementor-element-7131a79 elementor-widget elementor-widget-image\" data-id=\"7131a79\" data-element_type=\"widget\" data-e-type=\"widget\" data-widget_type=\"image.default\">\n\t\t\t\t\t\t\t\t\t\t\t\t\t\t\t\t\t<img loading=\"lazy\" decoding=\"async\" width=\"906\" height=\"204\" src=\"https:\/\/venduprint.ca\/wp-content\/uploads\/2026\/02\/ViaCapitale.png\" class=\"attachment-large size-large wp-image-1123\" alt=\"\" srcset=\"https:\/\/venduprint.ca\/wp-content\/uploads\/2026\/02\/ViaCapitale.png 906w, https:\/\/venduprint.ca\/wp-content\/uploads\/2026\/02\/ViaCapitale-600x135.png 600w, https:\/\/venduprint.ca\/wp-content\/uploads\/2026\/02\/ViaCapitale-300x68.png 300w, https:\/\/venduprint.ca\/wp-content\/uploads\/2026\/02\/ViaCapitale-768x173.png 768w\" sizes=\"(max-width: 906px) 100vw, 906px\" \/>\t\t\t\t\t\t\t\t\t\t\t\t\t\t\t<\/div>\n\t\t\t\t<\/div>\n\t\t<div class=\"elementor-element elementor-element-faaf5bd e-con-full e-flex e-con e-child\" data-id=\"faaf5bd\" data-element_type=\"container\" data-e-type=\"container\" data-settings=\"{&quot;background_background&quot;:&quot;gradient&quot;}\">\n\t\t\t\t<div class=\"elementor-element elementor-element-a0a4f3f elementor-widget elementor-widget-image\" data-id=\"a0a4f3f\" data-element_type=\"widget\" data-e-type=\"widget\" data-widget_type=\"image.default\">\n\t\t\t\t\t\t\t\t\t\t\t\t\t\t\t\t\t<img loading=\"lazy\" decoding=\"async\" width=\"1024\" height=\"439\" src=\"https:\/\/venduprint.ca\/wp-content\/uploads\/2026\/02\/LExpert-Immobilier-1024x439.png\" class=\"attachment-large size-large wp-image-1124\" alt=\"\" srcset=\"https:\/\/venduprint.ca\/wp-content\/uploads\/2026\/02\/LExpert-Immobilier-1024x439.png 1024w, https:\/\/venduprint.ca\/wp-content\/uploads\/2026\/02\/LExpert-Immobilier-600x257.png 600w, https:\/\/venduprint.ca\/wp-content\/uploads\/2026\/02\/LExpert-Immobilier-300x129.png 300w, https:\/\/venduprint.ca\/wp-content\/uploads\/2026\/02\/LExpert-Immobilier-768x330.png 768w, https:\/\/venduprint.ca\/wp-content\/uploads\/2026\/02\/LExpert-Immobilier-1536x659.png 1536w, https:\/\/venduprint.ca\/wp-content\/uploads\/2026\/02\/LExpert-Immobilier.png 1713w\" sizes=\"(max-width: 1024px) 100vw, 1024px\" \/>\t\t\t\t\t\t\t\t\t\t\t\t\t\t\t<\/div>\n\t\t\t\t<\/div>\n\t\t<div class=\"elementor-element elementor-element-d7da11f e-con-full e-flex e-con e-child\" data-id=\"d7da11f\" data-element_type=\"container\" data-e-type=\"container\" data-settings=\"{&quot;background_background&quot;:&quot;classic&quot;}\">\n\t\t\t\t<\/div>\n\t\t\t\t<\/div>\n\t\t\t\t\t<\/div>\n\t\t\t\t<\/div>\n\t\t<div class=\"elementor-element elementor-element-edae64c e-flex e-con-boxed e-con e-parent\" data-id=\"edae64c\" data-element_type=\"container\" data-e-type=\"container\" data-settings=\"{&quot;background_background&quot;:&quot;classic&quot;}\">\n\t\t\t\t\t<div class=\"e-con-inner\">\n\t\t<div class=\"elementor-element elementor-element-135d8fb e-con-full e-flex e-con e-child\" data-id=\"135d8fb\" data-element_type=\"container\" data-e-type=\"container\">\n\t\t<div class=\"elementor-element elementor-element-395692c e-con-full e-flex e-con e-child\" data-id=\"395692c\" data-element_type=\"container\" data-e-type=\"container\" data-settings=\"{&quot;background_background&quot;:&quot;classic&quot;}\">\n\t\t\t\t<div class=\"elementor-element elementor-element-48255fb elementor-position-top elementor-widget elementor-widget-image-box\" data-id=\"48255fb\" data-element_type=\"widget\" data-e-type=\"widget\" data-widget_type=\"image-box.default\">\n\t\t\t\t\t\t\t<div class=\"elementor-image-box-wrapper\"><figure class=\"elementor-image-box-img\"><img loading=\"lazy\" decoding=\"async\" width=\"512\" height=\"512\" src=\"https:\/\/venduprint.ca\/wp-content\/uploads\/2026\/02\/quality-products.png\" class=\"attachment-full size-full wp-image-674\" alt=\"\" srcset=\"https:\/\/venduprint.ca\/wp-content\/uploads\/2026\/02\/quality-products.png 512w, https:\/\/venduprint.ca\/wp-content\/uploads\/2026\/02\/quality-products-300x300.png 300w, https:\/\/venduprint.ca\/wp-content\/uploads\/2026\/02\/quality-products-100x100.png 100w, https:\/\/venduprint.ca\/wp-content\/uploads\/2026\/02\/quality-products-150x150.png 150w\" sizes=\"(max-width: 512px) 100vw, 512px\" \/><\/figure><div class=\"elementor-image-box-content\"><h3 class=\"elementor-image-box-title\">Mat\u00e9riaux de qualit\u00e9 et encre sp\u00e9cialis\u00e9e<\/h3><\/div><\/div>\t\t\t\t<\/div>\n\t\t\t\t<\/div>\n\t\t<div class=\"elementor-element elementor-element-7e235b2 e-con-full e-flex e-con e-child\" data-id=\"7e235b2\" data-element_type=\"container\" data-e-type=\"container\" data-settings=\"{&quot;background_background&quot;:&quot;classic&quot;}\">\n\t\t\t\t<div class=\"elementor-element elementor-element-21a7e62 elementor-position-top elementor-widget elementor-widget-image-box\" data-id=\"21a7e62\" data-element_type=\"widget\" data-e-type=\"widget\" data-widget_type=\"image-box.default\">\n\t\t\t\t\t\t\t<div class=\"elementor-image-box-wrapper\"><figure class=\"elementor-image-box-img\"><img loading=\"lazy\" decoding=\"async\" width=\"512\" height=\"512\" src=\"https:\/\/venduprint.ca\/wp-content\/uploads\/2026\/02\/fast-delivery.png\" class=\"attachment-full size-full wp-image-677\" alt=\"\" srcset=\"https:\/\/venduprint.ca\/wp-content\/uploads\/2026\/02\/fast-delivery.png 512w, https:\/\/venduprint.ca\/wp-content\/uploads\/2026\/02\/fast-delivery-300x300.png 300w, https:\/\/venduprint.ca\/wp-content\/uploads\/2026\/02\/fast-delivery-100x100.png 100w, https:\/\/venduprint.ca\/wp-content\/uploads\/2026\/02\/fast-delivery-150x150.png 150w\" sizes=\"(max-width: 512px) 100vw, 512px\" \/><\/figure><div class=\"elementor-image-box-content\"><h3 class=\"elementor-image-box-title\">Livraison en 4 \u00e0 6 jours<br> ouvrables<\/h3><\/div><\/div>\t\t\t\t<\/div>\n\t\t\t\t<\/div>\n\t\t<div class=\"elementor-element elementor-element-8333154 e-con-full e-flex e-con e-child\" data-id=\"8333154\" data-element_type=\"container\" data-e-type=\"container\" data-settings=\"{&quot;background_background&quot;:&quot;classic&quot;}\">\n\t\t\t\t<div class=\"elementor-element elementor-element-fd8e303 elementor-position-top elementor-widget elementor-widget-image-box\" data-id=\"fd8e303\" data-element_type=\"widget\" data-e-type=\"widget\" data-widget_type=\"image-box.default\">\n\t\t\t\t\t\t\t<div class=\"elementor-image-box-wrapper\"><figure class=\"elementor-image-box-img\"><img loading=\"lazy\" decoding=\"async\" width=\"512\" height=\"512\" src=\"https:\/\/venduprint.ca\/wp-content\/uploads\/2026\/02\/atm-card.png\" class=\"attachment-full size-full wp-image-678\" alt=\"\" srcset=\"https:\/\/venduprint.ca\/wp-content\/uploads\/2026\/02\/atm-card.png 512w, https:\/\/venduprint.ca\/wp-content\/uploads\/2026\/02\/atm-card-300x300.png 300w, https:\/\/venduprint.ca\/wp-content\/uploads\/2026\/02\/atm-card-100x100.png 100w, https:\/\/venduprint.ca\/wp-content\/uploads\/2026\/02\/atm-card-150x150.png 150w\" sizes=\"(max-width: 512px) 100vw, 512px\" \/><\/figure><div class=\"elementor-image-box-content\"><h3 class=\"elementor-image-box-title\">Paiement <br>100 % s\u00e9curis\u00e9<\/h3><\/div><\/div>\t\t\t\t<\/div>\n\t\t\t\t<\/div>\n\t\t<div class=\"elementor-element elementor-element-d791cd2 e-con-full e-flex e-con e-child\" data-id=\"d791cd2\" data-element_type=\"container\" data-e-type=\"container\" data-settings=\"{&quot;background_background&quot;:&quot;classic&quot;}\">\n\t\t\t\t<div class=\"elementor-element elementor-element-e15a1d5 elementor-position-top elementor-widget elementor-widget-image-box\" data-id=\"e15a1d5\" data-element_type=\"widget\" data-e-type=\"widget\" data-widget_type=\"image-box.default\">\n\t\t\t\t\t\t\t<div class=\"elementor-image-box-wrapper\"><figure class=\"elementor-image-box-img\"><img loading=\"lazy\" decoding=\"async\" width=\"512\" height=\"512\" src=\"https:\/\/venduprint.ca\/wp-content\/uploads\/2026\/02\/customer-support.png\" class=\"attachment-full size-full wp-image-679\" alt=\"\" srcset=\"https:\/\/venduprint.ca\/wp-content\/uploads\/2026\/02\/customer-support.png 512w, https:\/\/venduprint.ca\/wp-content\/uploads\/2026\/02\/customer-support-300x300.png 300w, https:\/\/venduprint.ca\/wp-content\/uploads\/2026\/02\/customer-support-100x100.png 100w, https:\/\/venduprint.ca\/wp-content\/uploads\/2026\/02\/customer-support-150x150.png 150w\" sizes=\"(max-width: 512px) 100vw, 512px\" \/><\/figure><div class=\"elementor-image-box-content\"><h3 class=\"elementor-image-box-title\">Service \u00e0 la client\u00e8le <br>d\u00e9di\u00e9<\/h3><\/div><\/div>\t\t\t\t<\/div>\n\t\t\t\t<\/div>\n\t\t\t\t<\/div>\n\t\t\t\t\t<\/div>\n\t\t\t\t<\/div>\n\t\t\t\t<\/div>\n\t\t","protected":false},"excerpt":{"rendered":"<p>Catalogue Mat\u00e9riaux de qualit\u00e9 et encre sp\u00e9cialis\u00e9e Livraison en 4 \u00e0 6 jours ouvrables Paiement 100 % s\u00e9curis\u00e9 Service \u00e0 [&hellip;]<\/p>\n","protected":false},"author":1,"featured_media":0,"parent":0,"menu_order":0,"comment_status":"closed","ping_status":"closed","template":"elementor_header_footer","meta":{"inline_featured_image":false,"site-sidebar-layout":"no-sidebar","site-content-layout":"","ast-site-content-layout":"full-width-container","site-content-style":"default","site-sidebar-style":"default","ast-global-header-display":"","ast-banner-title-visibility":"","ast-main-header-display":"","ast-hfb-above-header-display":"","ast-hfb-below-header-display":"","ast-hfb-mobile-header-display":"","site-post-title":"","ast-breadcrumbs-content":"","ast-featured-img":"disabled","footer-sml-layout":"","ast-disable-related-posts":"","theme-transparent-header-meta":"default","adv-header-id-meta":"","stick-header-meta":"","header-above-stick-meta":"","header-main-stick-meta":"","header-below-stick-meta":"","astra-migrate-meta-layouts":"default","ast-page-background-enabled":"default","ast-page-background-meta":{"desktop":{"background-color":"var(--ast-global-color-5)","background-image":"","background-repeat":"repeat","background-position":"center center","background-size":"auto","background-attachment":"scroll","background-type":"","background-media":"","overlay-type":"","overlay-color":"","overlay-opacity":"","overlay-gradient":""},"tablet":{"background-color":"","background-image":"","background-repeat":"repeat","background-position":"center center","background-size":"auto","background-attachment":"scroll","background-type":"","background-media":"","overlay-type":"","overlay-color":"","overlay-opacity":"","overlay-gradient":""},"mobile":{"background-color":"","background-image":"","background-repeat":"repeat","background-position":"center center","background-size":"auto","background-attachment":"scroll","background-type":"","background-media":"","overlay-type":"","overlay-color":"","overlay-opacity":"","overlay-gradient":""}},"ast-content-background-meta":{"desktop":{"background-color":"var(--ast-global-color-4)","background-image":"","background-repeat":"repeat","background-position":"center center","background-size":"auto","background-attachment":"scroll","background-type":"","background-media":"","overlay-type":"","overlay-color":"","overlay-opacity":"","overlay-gradient":""},"tablet":{"background-color":"var(--ast-global-color-4)","background-image":"","background-repeat":"repeat","background-position":"center center","background-size":"auto","background-attachment":"scroll","background-type":"","background-media":"","overlay-type":"","overlay-color":"","overlay-opacity":"","overlay-gradient":""},"mobile":{"background-color":"var(--ast-global-color-4)","background-image":"","background-repeat":"repeat","background-position":"center center","background-size":"auto","background-attachment":"scroll","background-type":"","background-media":"","overlay-type":"","overlay-color":"","overlay-opacity":"","overlay-gradient":""}},"footnotes":""},"class_list":["post-1125","page","type-page","status-publish","hentry"],"_links":{"self":[{"href":"https:\/\/venduprint.ca\/fr\/wp-json\/wp\/v2\/pages\/1125","targetHints":{"allow":["GET"]}}],"collection":[{"href":"https:\/\/venduprint.ca\/fr\/wp-json\/wp\/v2\/pages"}],"about":[{"href":"https:\/\/venduprint.ca\/fr\/wp-json\/wp\/v2\/types\/page"}],"author":[{"embeddable":true,"href":"https:\/\/venduprint.ca\/fr\/wp-json\/wp\/v2\/users\/1"}],"replies":[{"embeddable":true,"href":"https:\/\/venduprint.ca\/fr\/wp-json\/wp\/v2\/comments?post=1125"}],"version-history":[{"count":3,"href":"https:\/\/venduprint.ca\/fr\/wp-json\/wp\/v2\/pages\/1125\/revisions"}],"predecessor-version":[{"id":1128,"href":"https:\/\/venduprint.ca\/fr\/wp-json\/wp\/v2\/pages\/1125\/revisions\/1128"}],"wp:attachment":[{"href":"https:\/\/venduprint.ca\/fr\/wp-json\/wp\/v2\/media?parent=1125"}],"curies":[{"name":"wp","href":"https:\/\/api.w.org\/{rel}","templated":true}]}}